{"id":4439,"date":"2025-06-04T23:18:49","date_gmt":"2025-06-05T04:18:49","guid":{"rendered":"https:\/\/congresobicentenario.gloriososancarlos.edu.pe\/?page_id=4439"},"modified":"2025-06-05T00:36:21","modified_gmt":"2025-06-05T05:36:21","slug":"objetivo","status":"publish","type":"page","link":"https:\/\/congresobicentenario.gloriososancarlos.edu.pe\/?page_id=4439","title":{"rendered":"Objetivos"},"content":{"rendered":"\t\t<div data-elementor-type=\"wp-page\" data-elementor-id=\"4439\" class=\"elementor elementor-4439\" data-elementor-post-type=\"page\">\n\t\t\t\t<div class=\"elementor-element elementor-element-ec6a862 e-flex e-con-boxed e-con e-parent\" data-id=\"ec6a862\" data-element_type=\"container\">\n\t\t\t\t\t<div class=\"e-con-inner\">\n\t\t\t\t<div class=\"elementor-element elementor-element-381674a elementor-widget elementor-widget-heading\" data-id=\"381674a\" data-element_type=\"widget\" data-widget_type=\"heading.default\">\n\t\t\t\t<div class=\"elementor-widget-container\">\n\t\t\t\t\t<h4 class=\"elementor-heading-title elementor-size-default\">Objetivo General<\/h4>\t\t\t\t<\/div>\n\t\t\t\t<\/div>\n\t\t\t\t<div class=\"elementor-element elementor-element-1198438 elementor-widget__width-initial elementor-widget elementor-widget-text-editor\" data-id=\"1198438\" data-element_type=\"widget\" data-widget_type=\"text-editor.default\">\n\t\t\t\t<div class=\"elementor-widget-container\">\n\t\t\t\t\t        <div class=\"elementor-text-editor elementor-clearfix\"><p style=\"text-align: left;\">Consolidar el legado hist\u00f3rico del Glorioso Colegio Nacional de \u201cSan Carlos\u201d \u2013 Puno<br \/>en su bicentenario, mediante la reflexi\u00f3n cr\u00edtica desde el pensamiento bolivariano,<br \/>el di\u00e1logo internacional y la construcci\u00f3n de propuestas innovadoras en<br \/>educaci\u00f3n, tecnolog\u00eda y justicia socioambiental, para fortalecer la integraci\u00f3n<br \/>latinoamericana y el desarrollo sostenible en el siglo XXI.<\/p><\/div>\n        \t\t\t\t<\/div>\n\t\t\t\t<\/div>\n\t\t\t\t\t<\/div>\n\t\t\t\t<\/div>\n\t\t<div class=\"elementor-element elementor-element-58dc460 e-flex e-con-boxed e-con e-parent\" data-id=\"58dc460\" data-element_type=\"container\">\n\t\t\t\t\t<div class=\"e-con-inner\">\n\t\t\t\t<div class=\"elementor-element elementor-element-cdc8e13 elementor-widget elementor-widget-heading\" data-id=\"cdc8e13\" data-element_type=\"widget\" data-widget_type=\"heading.default\">\n\t\t\t\t<div class=\"elementor-widget-container\">\n\t\t\t\t\t<h4 class=\"elementor-heading-title elementor-size-default\">Objetivo Espec\u00edficos<\/h4>\t\t\t\t<\/div>\n\t\t\t\t<\/div>\n\t\t\t\t<div class=\"elementor-element elementor-element-223dc96 elementor-widget elementor-widget-text-editor\" data-id=\"223dc96\" data-element_type=\"widget\" data-widget_type=\"text-editor.default\">\n\t\t\t\t<div class=\"elementor-widget-container\">\n\t\t\t\t\t        <div class=\"elementor-text-editor elementor-clearfix\"><p style=\"text-align: left;\">\u2022 Celebrar los 200 a\u00f1os del Glorioso Colegio Nacional de \u201cSan Carlos\u201d &#8211; Puno,<br \/>destacando su rol hist\u00f3rico en la educaci\u00f3n y la formaci\u00f3n de l\u00edderes en la<br \/>sociedad latinoamericana.<br \/>\u2022 Promover el pensamiento bolivariano como marco para analizar desaf\u00edos<br \/>globales, nacionales y locales en educaci\u00f3n, pol\u00edtica, tecnolog\u00eda, cultura y<br \/>ambiente.<br \/>\u2022 Integrar perspectivas internacionales con enfoque latinoamericano,<br \/>fomentando el di\u00e1logo entre acad\u00e9micos, l\u00edderes sociales, autoridades y<br \/>estudiantes.<br \/>\u2022 Generar propuestas innovadoras para la<\/p><\/div>\n        \t\t\t\t<\/div>\n\t\t\t\t<\/div>\n\t\t\t\t\t<\/div>\n\t\t\t\t<\/div>\n\t\t\t\t<\/div>\n\t\t","protected":false},"excerpt":{"rendered":"<p>Objetivo General Consolidar el legado hist\u00f3rico del Glorioso Colegio Nacional de \u201cSan Carlos\u201d \u2013 Puno en su bicentenario, mediante la reflexi\u00f3n cr\u00edtica desde el pensamiento bolivariano, el di\u00e1logo internacional y la construcci\u00f3n de propuestas innovadoras en educaci\u00f3n, tecnolog\u00eda y justicia socioambiental, para fortalecer la integraci\u00f3n latinoamericana y el desarrollo sostenible en el siglo XXI. Objetivo &hellip; <span class=\"more-link-wrap\"><a href=\"https:\/\/congresobicentenario.gloriososancarlos.edu.pe\/?page_id=4439\" class=\"more-link\">Read More<span class=\"screen-reader-text\"> \u00abObjetivos\u00bb<\/span><\/a><\/span><\/p>\n","protected":false},"author":1,"featured_media":0,"parent":0,"menu_order":0,"comment_status":"closed","ping_status":"closed","template":"","meta":{"inline_featured_image":false,"footnotes":""},"class_list":["post-4439","page","type-page","status-publish","hentry"],"_links":{"self":[{"href":"https:\/\/congresobicentenario.gloriososancarlos.edu.pe\/index.php?rest_route=\/wp\/v2\/pages\/4439","targetHints":{"allow":["GET"]}}],"collection":[{"href":"https:\/\/congresobicentenario.gloriososancarlos.edu.pe\/index.php?rest_route=\/wp\/v2\/pages"}],"about":[{"href":"https:\/\/congresobicentenario.gloriososancarlos.edu.pe\/index.php?rest_route=\/wp\/v2\/types\/page"}],"author":[{"embeddable":true,"href":"https:\/\/congresobicentenario.gloriososancarlos.edu.pe\/index.php?rest_route=\/wp\/v2\/users\/1"}],"replies":[{"embeddable":true,"href":"https:\/\/congresobicentenario.gloriososancarlos.edu.pe\/index.php?rest_route=%2Fwp%2Fv2%2Fcomments&post=4439"}],"version-history":[{"count":0,"href":"https:\/\/congresobicentenario.gloriososancarlos.edu.pe\/index.php?rest_route=\/wp\/v2\/pages\/4439\/revisions"}],"wp:attachment":[{"href":"https:\/\/congresobicentenario.gloriososancarlos.edu.pe\/index.php?rest_route=%2Fwp%2Fv2%2Fmedia&parent=4439"}],"curies":[{"name":"wp","href":"https:\/\/api.w.org\/{rel}","templated":true}]}}